{"id":16259,"date":"2026-02-10T13:46:21","date_gmt":"2026-02-10T10:46:21","guid":{"rendered":"https:\/\/awdf.org\/fr\/?page_id=16259"},"modified":"2026-04-26T18:11:28","modified_gmt":"2026-04-26T15:11:28","slug":"non-au-retour-de-baton","status":"publish","type":"page","link":"https:\/\/awdf.org\/fr\/non-au-retour-de-baton\/","title":{"rendered":"Non au retour de b\u00e2ton : Soutenir la r\u00e9sistance collective des mouvements de femmes et f\u00e9ministes en Afrique"},"content":{"rendered":"","protected":false},"excerpt":{"rendered":"","protected":false},"author":1,"featured_media":0,"parent":0,"menu_order":0,"comment_status":"closed","ping_status":"closed","template":"","meta":{"om_disable_all_campaigns":false,"_monsterinsights_skip_tracking":false,"_monsterinsights_sitenote_active":false,"_monsterinsights_sitenote_note":"","_monsterinsights_sitenote_category":0,"footnotes":""},"class_list":["post-16259","page","type-page","status-publish","hentry"],"aioseo_notices":[],"_links":{"self":[{"href":"https:\/\/awdf.org\/fr\/wp-json\/wp\/v2\/pages\/16259","targetHints":{"allow":["GET"]}}],"collection":[{"href":"https:\/\/awdf.org\/fr\/wp-json\/wp\/v2\/pages"}],"about":[{"href":"https:\/\/awdf.org\/fr\/wp-json\/wp\/v2\/types\/page"}],"author":[{"embeddable":true,"href":"https:\/\/awdf.org\/fr\/wp-json\/wp\/v2\/users\/1"}],"replies":[{"embeddable":true,"href":"https:\/\/awdf.org\/fr\/wp-json\/wp\/v2\/comments?post=16259"}],"version-history":[{"count":5,"href":"https:\/\/awdf.org\/fr\/wp-json\/wp\/v2\/pages\/16259\/revisions"}],"predecessor-version":[{"id":16278,"href":"https:\/\/awdf.org\/fr\/wp-json\/wp\/v2\/pages\/16259\/revisions\/16278"}],"wp:attachment":[{"href":"https:\/\/awdf.org\/fr\/wp-json\/wp\/v2\/media?parent=16259"}],"curies":[{"name":"wp","href":"https:\/\/api.w.org\/{rel}","templated":true}]}}