{"id":15481,"date":"2023-01-25T19:32:30","date_gmt":"2023-01-25T16:32:30","guid":{"rendered":"https:\/\/awdf.org\/fr\/?page_id=15481"},"modified":"2024-08-21T14:26:44","modified_gmt":"2024-08-21T11:26:44","slug":"ford-foundation-osiwa-and-awdf-launch-new-fund-to-end-sexual-violence-in-west-africa","status":"publish","type":"page","link":"https:\/\/awdf.org\/fr\/ford-foundation-osiwa-and-awdf-launch-new-fund-to-end-sexual-violence-in-west-africa\/","title":{"rendered":"AWDF, la Fondation Ford et  OSIWA lancent un nouveau fonds pour mettre fin \u00e0 la violence sexuelle en Afrique de l&#8217;Ouest"},"content":{"rendered":"<p><a href=\"https:\/\/awdf.org\/fr\">Le Fonds africain pour le d\u00e9veloppement de la femme (AWDF)<\/a> ,\u00a0<a href=\"https:\/\/www.fordfoundation.org\/our-work-around-the-world\/west-africa\/\">Le bureau Afrique de l\u2019Ouest de la Fondation Ford<\/a> et \u00a0<a href=\"https:\/\/www.opensocietyfoundations.org\/what-we-do\/regions\/africa\">Open Society Initiative for West Africa (OSIWA)<\/a> \u00a0unissent leurs forces pour combattre et r\u00e9duire la violence sexuelle et ses causes profondes en Afrique de l\u2019Ouest. L\u2019initiative, KASA !Mettre Fin \u00c0 La Violence Sexuelle En Afrique De L\u2019Ouest tirera parti de l\u2019attention croissante port\u00e9e \u00e0 la violence sexuelle dans la r\u00e9gion et stimulera l\u2019action et le plaidoyer f\u00e9ministes pour la r\u00e9duire.<\/p>\n<p>En se concentrant principalement sur le Ghana, le Nig\u00e9ria et le S\u00e9n\u00e9gal, KASA ! (qui signifie \u00ab parler \u00bb en langue Twi) est un fonds h\u00e9berg\u00e9 par (AWDF) pour renforcer et soutenir les organisations de d\u00e9fense des droits des femmes afin de sensibiliser sur la violence sexuelle en tant que violation des droits humains et mobiliser le soutien pour la combattre.<\/p>\n<p>&nbsp;<\/p>\n<p>Regardez la \u00a0<a href=\"https:\/\/www.youtube.com\/watch?v=0eM8CIrHWwk&amp;t=14s\">Vid\u00e9o KASA<\/a><\/p>\n<p>D\u00e9couvrez les histoires de nos partenaires \u00a0<a href=\"https:\/\/awdf.org\/kasa-grantee-stories\/\">Cliquez ici<\/a><\/p>\n<p>Retrouvez le lancement <a href=\"https:\/\/www.youtube.com\/watch?v=GIvhJGm9ANk\">ici\u00a0\u00a0<\/a><\/p>\n","protected":false},"excerpt":{"rendered":"<p>Le Fonds africain pour le d\u00e9veloppement de la femme (AWDF) ,\u00a0Le bureau Afrique de l\u2019Ouest de la Fondation Ford et \u00a0Open Society Initiative for West Africa (OSIWA) \u00a0unissent leurs forces pour combattre et r\u00e9duire la violence sexuelle et ses causes profondes en Afrique de l\u2019Ouest. L\u2019initiative, KASA !Mettre Fin \u00c0 La Violence Sexuelle En Afrique [&hellip;]<\/p>\n","protected":false},"author":1,"featured_media":0,"parent":0,"menu_order":0,"comment_status":"closed","ping_status":"closed","template":"","meta":{"om_disable_all_campaigns":false,"_monsterinsights_skip_tracking":false,"_monsterinsights_sitenote_active":false,"_monsterinsights_sitenote_note":"","_monsterinsights_sitenote_category":0,"footnotes":""},"class_list":["post-15481","page","type-page","status-publish","hentry"],"aioseo_notices":[],"_links":{"self":[{"href":"https:\/\/awdf.org\/fr\/wp-json\/wp\/v2\/pages\/15481","targetHints":{"allow":["GET"]}}],"collection":[{"href":"https:\/\/awdf.org\/fr\/wp-json\/wp\/v2\/pages"}],"about":[{"href":"https:\/\/awdf.org\/fr\/wp-json\/wp\/v2\/types\/page"}],"author":[{"embeddable":true,"href":"https:\/\/awdf.org\/fr\/wp-json\/wp\/v2\/users\/1"}],"replies":[{"embeddable":true,"href":"https:\/\/awdf.org\/fr\/wp-json\/wp\/v2\/comments?post=15481"}],"version-history":[{"count":5,"href":"https:\/\/awdf.org\/fr\/wp-json\/wp\/v2\/pages\/15481\/revisions"}],"predecessor-version":[{"id":15945,"href":"https:\/\/awdf.org\/fr\/wp-json\/wp\/v2\/pages\/15481\/revisions\/15945"}],"wp:attachment":[{"href":"https:\/\/awdf.org\/fr\/wp-json\/wp\/v2\/media?parent=15481"}],"curies":[{"name":"wp","href":"https:\/\/api.w.org\/{rel}","templated":true}]}}